{"id":1797,"date":"2011-07-14T19:45:29","date_gmt":"2011-07-14T17:45:29","guid":{"rendered":"http:\/\/welcomeshop.at\/?page_id=5"},"modified":"2019-06-27T10:00:47","modified_gmt":"2019-06-27T08:00:47","slug":"about-us","status":"publish","type":"page","link":"https:\/\/welcomeshop.at\/de\/about-us\/","title":{"rendered":"\u00dcber Uns"},"content":{"rendered":"<div class=\"row\">\n<div class=\"span12\">Wir sind ein Multi-Marken-H\u00e4ndler am Flughafen Wien. Mit einem Jahresumsatz von 6 Millionen Euro, vier L\u00e4den und 30 Mitarbeitern bem\u00fchen wir uns, exzellenten Service mit Erfolg zu bieten. Bei jeder unserer Marken dreht sich alles um den Kunden. Wir lieben es, unsere Kunden mit neuen und einzigartigen Produkten zu \u00fcberraschen - f\u00fcr ein freudiges Einkaufserlebnis.<\/p>\n<p>Wir sind ein, im Jahr 1993, gegr\u00fcndetes Familienunternehmen, das seine Werte in einem internationalen Umfeld beibeh\u00e4lt. Unsere Erfahrung und Kompetenz der letzten 25 Jahre sind die Gr\u00fcnde, warum wir internationale Marken in ein g\u00fcnstiges Licht r\u00fccken k\u00f6nnen.<\/p>\n<p>Zufriedene Kunden, exzellenter Service und kompromisslose Qualit\u00e4t sind die Hauptpunkte unserer Philosophie. Unser Team ist die Basis dieser Philosophie und der Grund f\u00fcr den Erfolg von Welcomeshop. Wir arbeiten jeden Tag daran, besser zu werden, und das ist der Grund, warum wir einer der besten Akteure im Wiener Flughafen-Shopping-Sektor sind.<\/p>\n<p>Alexander Stieglitz<br \/>\nCEO<br \/><\/div>\n<\/div><!-- .row (end) -->","protected":false},"excerpt":{"rendered":"","protected":false},"author":1,"featured_media":0,"parent":0,"menu_order":1,"comment_status":"closed","ping_status":"closed","template":"page-fullwidth.php","meta":[],"_links":{"self":[{"href":"https:\/\/welcomeshop.at\/de\/wp-json\/wp\/v2\/pages\/1797"}],"collection":[{"href":"https:\/\/welcomeshop.at\/de\/wp-json\/wp\/v2\/pages"}],"about":[{"href":"https:\/\/welcomeshop.at\/de\/wp-json\/wp\/v2\/types\/page"}],"author":[{"embeddable":true,"href":"https:\/\/welcomeshop.at\/de\/wp-json\/wp\/v2\/users\/1"}],"replies":[{"embeddable":true,"href":"https:\/\/welcomeshop.at\/de\/wp-json\/wp\/v2\/comments?post=1797"}],"version-history":[{"count":5,"href":"https:\/\/welcomeshop.at\/de\/wp-json\/wp\/v2\/pages\/1797\/revisions"}],"predecessor-version":[{"id":2798,"href":"https:\/\/welcomeshop.at\/de\/wp-json\/wp\/v2\/pages\/1797\/revisions\/2798"}],"wp:attachment":[{"href":"https:\/\/welcomeshop.at\/de\/wp-json\/wp\/v2\/media?parent=1797"}],"curies":[{"name":"wp","href":"https:\/\/api.w.org\/{rel}","templated":true}]}}