{"id":2274,"date":"2017-08-27T09:01:35","date_gmt":"2017-08-27T07:01:35","guid":{"rendered":"http:\/\/welcomeshop.at\/?page_id=2274"},"modified":"2021-08-28T07:16:13","modified_gmt":"2021-08-28T05:16:13","slug":"brands","status":"publish","type":"page","link":"https:\/\/welcomeshop.at\/de\/brands\/","title":{"rendered":"Marken"},"content":{"rendered":"<div class=\"row\">\n<div class=\"span12\"><h6>Unsere Marken<\/h6>\n<p class=\"translation-block\">Unser internationales Markenportfolio umfasst einige der st\u00e4rksten Marken auf dem Konsumg\u00fctermarkt. Wir haben uns auf Mode- und Reiseprodukte spezialisiert, die in die Kategorien Business, Casual, Fashion und Style unterteilt sind und dem internationalen Reisenden alles bieten, was er kurz vor dem Start ben\u00f6tigt. Qualit\u00e4t, Design und Einzigartigkeit sind die Hauptkriterien bei der Auswahl der Marke, die wir f\u00fcr unsere <span style=\"color: #b01116\"><strong>#welcomefamily<\/strong><\/span> in unseren Shops platzieren.<\/div>\n<\/div><!-- .row (end) -->\n<div class=\"spacer\"><\/div><!-- .spacer (end) -->","protected":false},"excerpt":{"rendered":"","protected":false},"author":1,"featured_media":0,"parent":0,"menu_order":4,"comment_status":"closed","ping_status":"closed","template":"page-Portfolio3Cols-filterable.php","meta":[],"_links":{"self":[{"href":"https:\/\/welcomeshop.at\/de\/wp-json\/wp\/v2\/pages\/2274"}],"collection":[{"href":"https:\/\/welcomeshop.at\/de\/wp-json\/wp\/v2\/pages"}],"about":[{"href":"https:\/\/welcomeshop.at\/de\/wp-json\/wp\/v2\/types\/page"}],"author":[{"embeddable":true,"href":"https:\/\/welcomeshop.at\/de\/wp-json\/wp\/v2\/users\/1"}],"replies":[{"embeddable":true,"href":"https:\/\/welcomeshop.at\/de\/wp-json\/wp\/v2\/comments?post=2274"}],"version-history":[{"count":4,"href":"https:\/\/welcomeshop.at\/de\/wp-json\/wp\/v2\/pages\/2274\/revisions"}],"predecessor-version":[{"id":2837,"href":"https:\/\/welcomeshop.at\/de\/wp-json\/wp\/v2\/pages\/2274\/revisions\/2837"}],"wp:attachment":[{"href":"https:\/\/welcomeshop.at\/de\/wp-json\/wp\/v2\/media?parent=2274"}],"curies":[{"name":"wp","href":"https:\/\/api.w.org\/{rel}","templated":true}]}}