{"id":2888,"date":"2022-07-06T19:46:15","date_gmt":"2022-07-06T17:46:15","guid":{"rendered":"https:\/\/welcomeshop.at\/?page_id=2888"},"modified":"2022-08-22T03:06:57","modified_gmt":"2022-08-22T01:06:57","slug":"privacy-policy","status":"publish","type":"page","link":"https:\/\/welcomeshop.at\/de\/privacy-policy\/","title":{"rendered":"Datenschutz"},"content":{"rendered":"<h1>Datenschutzerkl\u00e4rung der Welcome Trading GmbH<\/h1>\n\n\n\n<p>Bei welcomeshop, erreichbar \u00fcber www.welcomeshop.at, ist die Privatsph\u00e4re unserer Besucher eine unserer Hauptpriorit\u00e4ten. Diese Datenschutzerkl\u00e4rung enth\u00e4lt Arten von Informationen, die von welcomeshop gesammelt und aufgezeichnet werden, und wie wir sie verwenden.<\/p>\n\n\n\n<p>Wenn Sie weitere Fragen haben oder weitere Informationen zu unserer Datenschutzerkl\u00e4rung ben\u00f6tigen, z\u00f6gern Sie nicht, uns zu kontaktieren.<\/p>\n\n\n\n<p>This Privacy Policy applies only to our online activities and is valid for visitors to our website with regards to the information that they shared and\/or collect in welcomeshop. This policy is not applicable to any information collected offline or via channels other than this website. \u00a0Our Privacy Policy was created with the help of the\u00a0<a href=\"https:\/\/www.privacypolicygenerator.info\/\">Free Privacy Policy Generator<\/a>.<\/p>\n\n\n\n<h2>Zustimmung<\/h2>\n\n\n\n<p>Durch die Nutzung unserer Website erkl\u00e4ren Sie sich hiermit mit unserer Datenschutzerkl\u00e4rung einverstanden und stimmen ihren Bedingungen zu.<\/p>\n\n\n\n<h2>Von uns gesammelte Informationen<\/h2>\n\n\n\n<p>Die personenbezogenen Daten, um die Sie gebeten werden, und die Gr\u00fcnde, warum Sie dazu aufgefordert werden, werden Ihnen an dem Punkt klar gemacht, an dem wir Sie um die Angabe Ihrer personenbezogenen Daten bitten<\/p>\n\n\n\n<p>Wenn Sie uns direkt kontaktieren, erhalten wir m\u00f6glicherweise zus\u00e4tzliche Informationen \u00fcber Sie, wie z. B. Ihren Namen, Ihre E-Mail-Adresse, Telefonnummer, den Inhalt der Nachricht und\/oder der Anh\u00e4nge, die Sie uns m\u00f6glicherweise senden, sowie alle anderen Informationen, die Sie angeben m\u00f6chten.<\/p>\n\n\n\n<h2>Wie wir Ihre Informationen verwenden<\/h2>\n\n\n\n<p>Wir verwenden die von uns gesammelten Informationen auf verschiedene Weise, einschlie\u00dflich um:<\/p>\n\n\n\n<ul><li>Bereitstellung, Betrieb und Wartung unserer Website<\/li><li>Verbessern, personalisieren und erweitern Sie unsere Website<\/li><li>Verstehen und analysieren, wie Sie unsere Website nutzen<\/li><li>Entwicklung neuer Produkte, Dienstleistungen, Features und Funktionen<\/li><li>Kommunikation mit Ihnen, entweder direkt oder \u00fcber einen unserer Partner, einschlie\u00dflich f\u00fcr den Kundendienst, um Ihnen Updates und andere Informationen in Bezug auf die Website sowie f\u00fcr Marketing- und Werbezwecke zukommen zu lassen<\/li><li>Um Ihnen E-Mails zu senden<\/li><li>Betrug erkennen und verhindern<\/li><\/ul>\n\n\n\n<h2>Protokolldateien<\/h2>\n\n\n\n<p>welcomeshop follows a standard procedure of using log files. These files log visitors when they visit websites. All hosting companies do this as a part of hosting services' analytics. The information collected by log files include internet protocol (IP) addresses, browser type, Internet Service Provider (ISP), date and time stamp, referring\/exit pages, and possibly the number of clicks. These are not linked to any information that is personally identifiable. The purpose of the information is for analyzing trends, administering the site, tracking users' movement on the website, and gathering demographic information.<\/p>\n\n\n\n<h2>Cookies and Web Beacons<\/h2>\n\n\n\n<p>Wie jede andere Website verwendet welcomeshop \u201eCookies\u201c. Diese Cookies werden verwendet, um Informationen zu speichern, einschlie\u00dflich der Pr\u00e4ferenzen der Besucher und der Seiten auf der Website, die der Besucher aufgerufen oder besucht hat. Die Informationen werden verwendet, um die Benutzererfahrung zu optimieren, indem der Inhalt unserer Webseite basierend auf dem Browsertyp der Besucher und\/oder anderen Informationen angepasst wird.<\/p>\n\n\n\n<h2>Datenschutzerkl\u00e4rungen von Werbepartnern<\/h2>\n\n\n\n<p>Sie k\u00f6nnen diese Liste konsultieren, um die Datenschutzrichtlinie f\u00fcr jeden der Werbepartner von welcomeshop zu finden.<\/p>\n\n\n\n<p>Ad-Server oder Ad-Netzwerke von Drittanbietern verwenden Technologien wie Cookies, JavaScript oder Web Beacons, die in ihren jeweiligen Anzeigen und Links verwendet werden, die auf Welcomeshop erscheinen und direkt an den Browser der Benutzer gesendet werden. Sie erhalten dabei automatisch Ihre IP-Adresse. Diese Technologien werden verwendet, um die Effektivit\u00e4t ihrer Werbekampagnen zu messen und\/oder die Werbeinhalte zu personalisieren, die Sie auf den von Ihnen besuchten Websites sehen.<\/p>\n\n\n\n<p>Beachten Sie, dass welcomeshop keinen Zugriff auf oder Kontrolle \u00fcber diese Cookies hat, die von Drittanbietern verwendet werden.<\/p>\n\n\n\n<h2>Datenschutzerkl\u00e4rung von Drittanbietern<\/h2>\n\n\n\n<p>Die Datenschutzerkl\u00e4rung von welcomeshop gilt nicht f\u00fcr andere Werbetreibende oder Websites. Daher empfehlen wir Ihnen, die jeweiligen Datenschutzrichtlinien dieser Drittanbieter-Ad-Server f\u00fcr detailliertere Informationen zu konsultieren. Es kann ihre Praktiken und Anweisungen zum Deaktivieren bestimmter Optionen enthalten.<\/p>\n\n\n\n<p>Sie k\u00f6nnen Cookies \u00fcber Ihre individuellen Browseroptionen deaktivieren. Ausf\u00fchrlichere Informationen zur Cookie-Verwaltung mit bestimmten Webbrowsern finden Sie auf den jeweiligen Websites der Browser.<\/p>\n\n\n\n<h2>DSGVO Datenschutzrechte<\/h2>\n\n\n\n<p>Wir m\u00f6chten sicherstellen, dass Sie sich all Ihrer Datenschutzrechte voll bewusst sind. Jeder Benutzer hat Anspruch auf:<\/p>\n\n\n\n<p>Auskunftsrecht \u2013 Sie haben das Recht, Kopien Ihrer personenbezogenen Daten anzufordern. F\u00fcr diesen Service k\u00f6nnen wir Ihnen eine kleine Geb\u00fchr berechnen.<\/p>\n\n\n\n<p>Das Recht auf Berichtigung \u2013 Sie haben das Recht zu verlangen, dass wir alle Informationen korrigieren, die Sie f\u00fcr unrichtig halten. Sie haben auch das Recht zu verlangen, dass wir die Informationen vervollst\u00e4ndigen, die Sie f\u00fcr unvollst\u00e4ndig halten.<\/p>\n\n\n\n<p>Das Recht auf L\u00f6schung \u2013 Sie haben das Recht zu verlangen, dass wir Ihre personenbezogenen Daten unter bestimmten Bedingungen l\u00f6schen.<\/p>\n\n\n\n<p>Das Recht auf Einschr\u00e4nkung der Verarbeitung \u2013 Sie haben das Recht zu verlangen, dass wir die Verarbeitung Ihrer personenbezogenen Daten unter bestimmten Bedingungen einschr\u00e4nken.<\/p>\n\n\n\n<p>Das Recht auf Widerspruch gegen die Verarbeitung \u2013 Sie haben unter bestimmten Bedingungen das Recht, unserer Verarbeitung Ihrer personenbezogenen Daten zu widersprechen.<\/p>\n\n\n\n<p>Das Recht auf Daten\u00fcbertragbarkeit \u2013 Sie haben das Recht zu verlangen, dass wir die von uns erfassten Daten unter bestimmten Bedingungen an eine andere Organisation oder direkt an Sie \u00fcbertragen.<\/p>\n\n\n\n<p>Wenn Sie eine Anfrage stellen, haben wir einen Monat Zeit, um Ihnen zu antworten. Wenn Sie eines dieser Rechte aus\u00fcben m\u00f6chten, kontaktieren Sie uns bitte.<\/p>\n\n\n\n<h2>Informationen f\u00fcr Kinder<\/h2>\n\n\n\n<p>Ein weiterer Teil unserer Priorit\u00e4t ist der Schutz von Kindern bei der Nutzung des Internets. Wir ermutigen Eltern und Erziehungsberechtigte, ihre Online-Aktivit\u00e4ten zu beobachten, daran teilzunehmen und\/oder sie zu \u00fcberwachen und zu leiten.<\/p>\n\n\n\n<p>welcomeshop sammelt wissentlich keine personenbezogenen Daten von Kindern unter 13 Jahren. Wenn Sie der Meinung sind, dass Ihr Kind diese Art von Informationen auf unserer Website bereitgestellt hat, empfehlen wir Ihnen dringend, sich umgehend mit uns in Verbindung zu setzen, und wir werden unser Bestes tun, um sie umgehend zu entfernen solche Informationen aus unseren Aufzeichnungen.<\/p>","protected":false},"excerpt":{"rendered":"Privacy Policy for Welcome Trading GmbH At welcomeshop, accessible from www.welcomeshop.at, one of our main priorities is the privacy of our visitors. This Privacy Policy document contains types of information that is collected and recorded by welcomeshop and how we use it. If you have additional questions or require more information about our Privacy Policy, do not hesitate to contact&nbsp;<a href=\"https:\/\/welcomeshop.at\/de\/privacy-policy\/\" class=\"read-more\">Continue Reading<\/a>","protected":false},"author":1,"featured_media":0,"parent":0,"menu_order":91,"comment_status":"closed","ping_status":"closed","template":"page-fullwidth.php","meta":[],"_links":{"self":[{"href":"https:\/\/welcomeshop.at\/de\/wp-json\/wp\/v2\/pages\/2888"}],"collection":[{"href":"https:\/\/welcomeshop.at\/de\/wp-json\/wp\/v2\/pages"}],"about":[{"href":"https:\/\/welcomeshop.at\/de\/wp-json\/wp\/v2\/types\/page"}],"author":[{"embeddable":true,"href":"https:\/\/welcomeshop.at\/de\/wp-json\/wp\/v2\/users\/1"}],"replies":[{"embeddable":true,"href":"https:\/\/welcomeshop.at\/de\/wp-json\/wp\/v2\/comments?post=2888"}],"version-history":[{"count":6,"href":"https:\/\/welcomeshop.at\/de\/wp-json\/wp\/v2\/pages\/2888\/revisions"}],"predecessor-version":[{"id":2929,"href":"https:\/\/welcomeshop.at\/de\/wp-json\/wp\/v2\/pages\/2888\/revisions\/2929"}],"wp:attachment":[{"href":"https:\/\/welcomeshop.at\/de\/wp-json\/wp\/v2\/media?parent=2888"}],"curies":[{"name":"wp","href":"https:\/\/api.w.org\/{rel}","templated":true}]}}