{"id":2890,"date":"2022-07-06T19:57:19","date_gmt":"2022-07-06T17:57:19","guid":{"rendered":"https:\/\/welcomeshop.at\/?page_id=2890"},"modified":"2022-08-22T03:46:06","modified_gmt":"2022-08-22T01:46:06","slug":"terms-conditions","status":"publish","type":"page","link":"https:\/\/welcomeshop.at\/de\/terms-conditions\/","title":{"rendered":"Terms &#038; Conditions"},"content":{"rendered":"<h2><strong>Allgemeine Gesch\u00e4ftsbedingungen<\/strong><\/h2>\n\n\n\n<p>Willkommen im welcomeshop!<\/p>\n\n\n\n<p>Diese Allgemeinen Gesch\u00e4ftsbedingungen beschreiben die Regeln und Vorschriften f\u00fcr die Nutzung der Website der Welcome Trading GmbH, zu finden unter www.welcomeshop.at.<\/p>\n\n\n\n<p>Durch den Zugriff auf diese Website gehen wir davon aus, dass Sie diese Bedingungen akzeptieren. Verwenden Sie welcomeshop nicht weiter, wenn Sie nicht damit einverstanden sind, alle auf dieser Seite aufgef\u00fchrten Bedingungen zu akzeptieren.<\/p>\n\n\n\n<p>Die folgende Terminologie gilt f\u00fcr diese Allgemeinen Gesch\u00e4ftsbedingungen, die Datenschutzerkl\u00e4rung und den Haftungsausschluss sowie alle Vereinbarungen: \u201eKunde\u201c, \u201eSie\u201c und \u201eIhr\u201c bezieht sich auf Sie, die Person, die sich auf dieser Website anmeldet und die den Allgemeinen Gesch\u00e4ftsbedingungen des Unternehmens entspricht. \u201eDas Unternehmen\u201c, \u201euns\u201c, \u201ewir\u201c, \u201eunser\u201c und \u201euns\u201c beziehen sich auf unser Unternehmen. \u201ePartei\u201c, \u201eParteien\u201c oder \u201euns\u201c bezieht sich sowohl auf den Kunden als auch auf uns selbst. Alle Bedingungen beziehen sich auf das Angebot, die Annahme und die Ber\u00fccksichtigung der Zahlung, die erforderlich sind, um den Prozess unserer Unterst\u00fctzung des Kunden auf die am besten geeignete Weise durchzuf\u00fchren, um ausdr\u00fccklich die Bed\u00fcrfnisse des Kunden in Bezug auf die Erbringung der angegebenen Dienstleistungen des Unternehmens zu erf\u00fcllen, in \u00dcbereinstimmung mit und unterliegen dem geltenden Recht der Niederlande. Jegliche Verwendung der obigen Terminologie oder anderer W\u00f6rter in Singular, Plural, Gro\u00dfschreibung und\/oder er\/sie oder sie gelten als austauschbar und beziehen sich daher auf dasselbe.<\/p>\n\n\n\n<h3><strong>Cookies<\/strong><\/h3>\n\n\n\n<p>Wir verwenden Cookies. Durch den Zugriff auf den Welcomeshop haben Sie der Verwendung von Cookies in \u00dcbereinstimmung mit der Datenschutzrichtlinie der Welcome Trading GmbH zugestimmt.<\/p>\n\n\n\n<p>Die meisten interaktiven Websites verwenden Cookies, damit wir die Benutzerdaten bei jedem Besuch abrufen k\u00f6nnen. Cookies werden von unserer Website verwendet, um die Funktionalit\u00e4t bestimmter Bereiche zu erm\u00f6glichen und den Besuchern unserer Website den Besuch zu erleichtern. Einige unserer Affiliate-\/Werbepartner k\u00f6nnen ebenfalls Cookies verwenden.<\/p>\n\n\n\n<h3><strong>Lizenz<\/strong><\/h3>\n\n\n\n<p>Sofern nicht anders angegeben, besitzen die Welcome Trading GmbH und\/oder ihre Lizenzgeber die geistigen Eigentumsrechte f\u00fcr alle Materialien auf welcomeshop. Alle geistigen Eigentumsrechte sind vorbehalten. Sie k\u00f6nnen vom Welcomeshop f\u00fcr Ihren eigenen pers\u00f6nlichen Gebrauch darauf zugreifen, vorbehaltlich der in diesen Gesch\u00e4ftsbedingungen festgelegten Einschr\u00e4nkungen.<\/p>\n\n\n\n<p>Du darfst nicht:<\/p>\n\n\n\n<ul><li>Material aus Welcomeshop erneut ver\u00f6ffentlichen<\/li><li>Material von welcomeshop verkaufen, vermieten oder unterlizenzieren<\/li><li>Material von welcomeshop reproduzieren, vervielf\u00e4ltigen oder kopieren<\/li><li>Inhalte von welcomeshop neu verteilen<\/li><\/ul>\n\n\n\n<p>Diese Vereinbarung beginnt mit dem heutigen Datum. Unsere AGB wurden mit Hilfe der folgenden webseite erstellt: <a href=\"https:\/\/www.termsfeed.com\/terms-conditions-generator\/\">TermsFeed Free Terms and Conditions Generator<\/a>.<\/p>\n\n\n\n<p>Teile dieser Website bieten Benutzern die M\u00f6glichkeit, Meinungen und Informationen in bestimmten Bereichen der Website zu ver\u00f6ffentlichen und auszutauschen. Die Welcome Trading GmbH filtert, bearbeitet, ver\u00f6ffentlicht oder \u00fcberpr\u00fcft Kommentare nicht, bevor sie auf der Website vorhanden sind. Kommentare spiegeln nicht die Ansichten und Meinungen der Welcome Trading GmbH, ihrer Vertreter und\/oder verbundenen Unternehmen wider. Kommentare geben die Ansichten und Meinungen der Person wieder, die ihre Ansichten und Meinungen postet. Soweit nach geltendem Recht zul\u00e4ssig, haftet Welcome Trading GmbH nicht f\u00fcr die Kommentare oder f\u00fcr jegliche Haftung, Sch\u00e4den oder Kosten, die durch die Verwendung und\/oder Ver\u00f6ffentlichung und\/oder das Erscheinen der Kommentare verursacht und\/oder erlitten werden auf dieser Webseite.<\/p>\n\n\n\n<p>Die Welcome Trading GmbH beh\u00e4lt sich das Recht vor, alle Kommentare zu \u00fcberwachen und Kommentare zu entfernen, die als unangemessen oder beleidigend angesehen werden oder einen Versto\u00df gegen diese Allgemeinen Gesch\u00e4ftsbedingungen darstellen.<\/p>\n\n\n\n<p>Sie garantieren und versichern, dass:<\/p>\n\n\n\n<ul><li>Sie sind berechtigt, die Kommentare auf unserer Website zu ver\u00f6ffentlichen und verf\u00fcgen \u00fcber alle erforderlichen Lizenzen und Zustimmungen dazu;<\/li><li>Die Kommentare verletzen keine geistigen Eigentumsrechte, einschlie\u00dflich, aber nicht beschr\u00e4nkt auf Urheberrechte, Patente oder Marken von Dritten;<\/li><li>Die Kommentare enthalten kein diffamierendes, verleumderisches, beleidigendes, unanst\u00e4ndiges oder anderweitig rechtswidriges Material, das eine Verletzung der Privatsph\u00e4re darstellt<\/li><li>Die Kommentare werden nicht verwendet, um Gesch\u00e4fte oder Gewohnheiten zu erbitten oder zu f\u00f6rdern oder kommerzielle Aktivit\u00e4ten oder rechtswidrige Aktivit\u00e4ten zu pr\u00e4sentieren.<\/li><\/ul>\n\n\n\n<p>Sie gew\u00e4hren der Welcome Trading GmbH hiermit eine nicht ausschlie\u00dfliche Lizenz zur Nutzung, Vervielf\u00e4ltigung, Bearbeitung und Autorisierung anderer zur Nutzung, Vervielf\u00e4ltigung und Bearbeitung Ihrer Kommentare in allen Formen, Formaten oder Medien.<\/p>\n\n\n\n<h3><strong>Hyperlinks zu unseren Inhalten<\/strong><\/h3>\n\n\n\n<p>Die folgenden Organisationen d\u00fcrfen ohne vorherige schriftliche Genehmigung auf unsere Website verlinken:<\/p>\n\n\n\n<ul><li>Regierungsbeh\u00f6rden;<\/li><li>Suchmaschinen;<\/li><li>Nachrichtenorganisationen;<\/li><li>Online-Verzeichnisverteiler k\u00f6nnen auf dieselbe Weise auf unsere Website verlinken wie auf die Websites anderer b\u00f6rsennotierter Unternehmen; und<\/li><li>Systemweit akkreditierte Unternehmen mit Ausnahme von werbenden gemeinn\u00fctzigen Organisationen, Einkaufszentren f\u00fcr wohlt\u00e4tige Zwecke und Spendengruppen f\u00fcr wohlt\u00e4tige Zwecke, die m\u00f6glicherweise keinen Hyperlink zu unserer Website haben.<\/li><\/ul>\n\n\n\n<p>Diese Organisationen k\u00f6nnen auf unsere Homepage, auf Ver\u00f6ffentlichungen oder auf andere Website-Informationen verlinken, solange der Link: (a) in keiner Weise irref\u00fchrend ist; (b) impliziert nicht f\u00e4lschlicherweise Sponsoring, Bef\u00fcrwortung oder Genehmigung der verlinkenden Partei und ihrer Produkte und\/oder Dienstleistungen; und (c) in den Kontext der Website der verlinkenden Partei passt.<\/p>\n\n\n\n<p>Wir k\u00f6nnen andere Verkn\u00fcpfungsanfragen von den folgenden Arten von Organisationen ber\u00fccksichtigen und genehmigen:<\/p>\n\n\n\n<ul><li>allgemein bekannte Verbraucher- und\/oder Gesch\u00e4ftsinformationsquellen;<\/li><li>dot.com community sites;<\/li><li>Vereine oder andere Gruppen, die Wohlt\u00e4tigkeitsorganisationen vertreten;<\/li><li>Verteiler von Online-Verzeichnissen;<\/li><li>Internetportale;<\/li><li>Wirtschaftspr\u00fcfungs-, Anwalts- und Beratungsfirmen; und<\/li><li>Bildungseinrichtungen und Wirtschaftsverb\u00e4nde.<\/li><\/ul>\n\n\n\n<p>Wir werden Linkanfragen von diesen Organisationen genehmigen, wenn wir entscheiden, dass: (a) der Link uns nicht dazu bringen w\u00fcrde, uns selbst oder unsere akkreditierten Unternehmen ung\u00fcnstig darzustellen; (b) die Organisation hat keine negativen Aufzeichnungen bei uns; (c) der Vorteil f\u00fcr uns aus der Sichtbarkeit des Hyperlinks kompensiert das Fehlen der Welcome Trading GmbH; und (d) der Link steht im Kontext allgemeiner Ressourceninformationen.<\/p>\n\n\n\n<p>Diese Organisationen k\u00f6nnen auf unsere Homepage, auf Ver\u00f6ffentlichungen oder auf andere Website-Informationen verlinken, solange der Link: (a) in keiner Weise irref\u00fchrend ist; (b) impliziert nicht f\u00e4lschlicherweise Sponsoring, Bef\u00fcrwortung oder Genehmigung der verlinkenden Partei und ihrer Produkte und\/oder Dienstleistungen; und (c) in den Kontext der Website der verlinkenden Partei passt.<\/p>\n\n\n\n<p>Wenn Sie eine der in Ziffer 2 oben aufgef\u00fchrten Organisationen sind und an einer Verlinkung unserer Website interessiert sind, m\u00fcssen Sie uns dies per E-Mail an Welcome Trading GmbH mitteilen. Bitte geben Sie Ihren Namen, den Namen Ihrer Organisation, Kontaktinformationen sowie die URL Ihrer Website, eine Liste aller URLs an, von denen Sie beabsichtigen, auf unsere Website zu verlinken, und eine Liste der URLs auf unserer Website, zu denen Sie m\u00f6chten Verkn\u00fcpfung. Warten Sie 2-3 Wochen auf eine Antwort.<\/p>\n\n\n\n<p>Zugelassene Organisationen k\u00f6nnen wie folgt auf unsere Website verlinken:<\/p>\n\n\n\n<ul><li>Durch die Verwendung unseres Firmennamens; oder<\/li><li>Durch die Verwendung des Uniform Resource Locators, mit dem verkn\u00fcpft ist; oder<\/li><li>Durch die Verwendung einer anderen Beschreibung unserer Website, auf die verlinkt wird, ist dies im Kontext und Format des Inhalts auf der Website der verlinkenden Partei sinnvoll.<\/li><\/ul>\n\n\n\n<p>Die Verwendung des Logos oder anderer Kunstwerke der Welcome Trading GmbH f\u00fcr die Verlinkung ist ohne Markenlizenzvereinbarung nicht gestattet.<\/p>\n\n\n\n<h3><strong>iFrames<\/strong><\/h3>\n\n\n\n<p>Ohne vorherige Genehmigung und schriftliche Genehmigung d\u00fcrfen Sie keine Frames um unsere Webseiten erstellen, die die visuelle Darstellung oder das Erscheinungsbild unserer Website in irgendeiner Weise ver\u00e4ndern.<\/p>\n\n\n\n<h3><strong>Haftung f\u00fcr Inhalte<\/strong><\/h3>\n\n\n\n<p>Wir \u00fcbernehmen keine Verantwortung f\u00fcr Inhalte, die auf Ihrer Website erscheinen. Sie erkl\u00e4ren sich damit einverstanden, uns gegen alle Anspr\u00fcche zu sch\u00fctzen und zu verteidigen, die auf Ihrer Website erhoben werden. Auf einer Website d\u00fcrfen keine Links erscheinen, die als verleumderisch, obsz\u00f6n oder kriminell ausgelegt werden k\u00f6nnen oder die Rechte Dritter verletzen, anderweitig verletzen oder deren Verletzung oder sonstige Verletzung bef\u00fcrworten.<\/p>\n\n\n\n<h3><strong>Ihre Privatsph\u00e4re<\/strong><\/h3>\n\n\n\n<p>Bitte lesen Sie die Datenschutzrichtlinie<\/p>\n\n\n\n<h3><strong>Vorbehalt von Rechten<\/strong><\/h3>\n\n\n\n<p>Wir behalten uns das Recht vor, Sie aufzufordern, alle Links oder bestimmte Links zu unserer Website zu entfernen. Sie stimmen zu, auf Anfrage unverz\u00fcglich alle Links zu unserer Website zu entfernen. Wir behalten uns au\u00dferdem das Recht vor, diese Allgemeinen Gesch\u00e4ftsbedingungen und ihre Verlinkungsrichtlinie jederzeit zu \u00e4ndern. Indem Sie kontinuierlich auf unsere Website verlinken, erkl\u00e4ren Sie sich damit einverstanden, an diese Verlinkungsbedingungen gebunden zu sein und diese zu befolgen.<\/p>\n\n\n\n<h3><strong>Entfernung von Links von unserer Website<\/strong><\/h3>\n\n\n\n<p>Wenn Sie einen Link auf unserer Website finden, der aus irgendeinem Grund anst\u00f6\u00dfig ist, k\u00f6nnen Sie uns jederzeit kontaktieren und informieren. Wir werden Anfragen zum Entfernen von Links pr\u00fcfen, sind jedoch nicht dazu verpflichtet oder Ihnen direkt zu antworten.<\/p>\n\n\n\n<p>Wir garantieren nicht, dass die Informationen auf dieser Website korrekt sind, wir garantieren nicht deren Vollst\u00e4ndigkeit oder Genauigkeit; Wir versprechen auch nicht sicherzustellen, dass die Website verf\u00fcgbar bleibt oder dass das Material auf der Website auf dem neuesten Stand gehalten wird.<\/p>\n\n\n\n<h3><strong>Haftungsausschluss<\/strong><\/h3>\n\n\n\n<p>Soweit nach geltendem Recht zul\u00e4ssig, schlie\u00dfen wir alle Zusicherungen, Gew\u00e4hrleistungen und Bedingungen in Bezug auf unsere Website und die Nutzung dieser Website aus. Nichts in diesem Haftungsausschluss wird:<\/p>\n\n\n\n<ul><li>unsere oder Ihre Haftung f\u00fcr Tod oder K\u00f6rperverletzung einschr\u00e4nken oder ausschlie\u00dfen;<\/li><li>unsere oder Ihre Haftung f\u00fcr Betrug oder betr\u00fcgerische Falschdarstellung einschr\u00e4nken oder ausschlie\u00dfen;<\/li><li>unsere oder Ihre Verbindlichkeiten auf eine Weise einschr\u00e4nken, die nach geltendem Recht nicht zul\u00e4ssig ist; oder<\/li><li>schlie\u00dfen Sie jegliche unserer oder Ihrer Verbindlichkeiten aus, die nach geltendem Recht nicht ausgeschlossen werden k\u00f6nnen.<\/li><\/ul>\n\n\n\n<p>Die in diesem Abschnitt und an anderer Stelle in diesem Haftungsausschluss festgelegten Haftungsbeschr\u00e4nkungen und -verbote: (a) unterliegen dem vorstehenden Absatz; und (b) regeln alle Verbindlichkeiten, die sich aus dem Haftungsausschluss ergeben, einschlie\u00dflich Verbindlichkeiten, die sich aus Vertrag, unerlaubter Handlung und Verletzung gesetzlicher Pflichten ergeben.<\/p>\n\n\n\n<p>Solange die Website und die Informationen und Dienste auf der Website kostenlos zur Verf\u00fcgung gestellt werden, haften wir nicht f\u00fcr Verluste oder Sch\u00e4den jeglicher Art.<\/p>","protected":false},"excerpt":{"rendered":"Terms and Conditions Welcome to welcomeshop! These terms and conditions outline the rules and regulations for the use of Welcome Trading GmbH's Website, located at www.welcomeshop.at. By accessing this website we assume you accept these terms and conditions. Do not continue to use welcomeshop if you do not agree to take all of the terms and conditions stated on this&nbsp;<a href=\"https:\/\/welcomeshop.at\/de\/terms-conditions\/\" class=\"read-more\">Continue Reading<\/a>","protected":false},"author":1,"featured_media":0,"parent":0,"menu_order":92,"comment_status":"closed","ping_status":"closed","template":"page-fullwidth.php","meta":[],"_links":{"self":[{"href":"https:\/\/welcomeshop.at\/de\/wp-json\/wp\/v2\/pages\/2890"}],"collection":[{"href":"https:\/\/welcomeshop.at\/de\/wp-json\/wp\/v2\/pages"}],"about":[{"href":"https:\/\/welcomeshop.at\/de\/wp-json\/wp\/v2\/types\/page"}],"author":[{"embeddable":true,"href":"https:\/\/welcomeshop.at\/de\/wp-json\/wp\/v2\/users\/1"}],"replies":[{"embeddable":true,"href":"https:\/\/welcomeshop.at\/de\/wp-json\/wp\/v2\/comments?post=2890"}],"version-history":[{"count":2,"href":"https:\/\/welcomeshop.at\/de\/wp-json\/wp\/v2\/pages\/2890\/revisions"}],"predecessor-version":[{"id":2930,"href":"https:\/\/welcomeshop.at\/de\/wp-json\/wp\/v2\/pages\/2890\/revisions\/2930"}],"wp:attachment":[{"href":"https:\/\/welcomeshop.at\/de\/wp-json\/wp\/v2\/media?parent=2890"}],"curies":[{"name":"wp","href":"https:\/\/api.w.org\/{rel}","templated":true}]}}